{"id":282547,"date":"2022-08-24T11:25:45","date_gmt":"2022-08-24T09:25:45","guid":{"rendered":"https:\/\/leperejoseph.fr\/contact\/"},"modified":"2025-02-19T11:13:03","modified_gmt":"2025-02-19T10:13:03","slug":"contact","status":"publish","type":"page","link":"https:\/\/leperejoseph.fr\/en\/contact\/","title":{"rendered":"Contact"},"content":{"rendered":"<p>[et_pb_section fb_built=&#8221;1&#8243; _builder_version=&#8221;4.17.3&#8243; _module_preset=&#8221;default&#8221; global_colors_info=&#8221;{}&#8221;][et_pb_row column_structure=&#8221;1_2,1_2&#8243; _builder_version=&#8221;4.17.3&#8243; _module_preset=&#8221;default&#8221; global_colors_info=&#8221;{}&#8221;][et_pb_column type=&#8221;1_2&#8243; _builder_version=&#8221;4.17.3&#8243; _module_preset=&#8221;default&#8221; global_colors_info=&#8221;{}&#8221;][et_pb_text _builder_version=&#8221;4.17.3&#8243; _module_preset=&#8221;default&#8221; text_font=&#8221;Brandon Grotesque Light|||on|||||&#8221; text_text_color=&#8221;#005B71&#8243; text_font_size=&#8221;39px&#8221; text_letter_spacing=&#8221;1px&#8221; text_line_height=&#8221;1em&#8221; width=&#8221;100%&#8221; max_width=&#8221;100%&#8221; custom_margin=&#8221;||||false|false&#8221; custom_padding_tablet=&#8221;|15%||15%|false|false&#8221; custom_padding_phone=&#8221;|5%||5%|false|false&#8221; custom_padding_last_edited=&#8221;off|tablet&#8221; text_font_size_tablet=&#8221;27px&#8221; text_font_size_phone=&#8221;25px&#8221; text_font_size_last_edited=&#8221;on|phone&#8221; global_colors_info=&#8221;{}&#8221; custom_padding__hover_enabled=&#8221;off|desktop&#8221;]<\/p>\n<p>Contact us<\/p>\n<p>[\/et_pb_text][et_pb_text _builder_version=&#8221;4.17.3&#8243; _module_preset=&#8221;default&#8221; text_font=&#8221;Brandon Grotesque Bold||||||||&#8221; text_text_color=&#8221;#005B71&#8243; text_font_size=&#8221;21px&#8221; text_line_height=&#8221;1.2em&#8221; header_font=&#8221;Brandon Grotesque Bold||||||||&#8221; header_text_color=&#8221;#005B71&#8243; header_font_size=&#8221;21px&#8221; header_line_height=&#8221;1.2em&#8221; width=&#8221;100%&#8221; max_width=&#8221;100%&#8221; custom_margin=&#8221;||10px||false|false&#8221; custom_padding_tablet=&#8221;|15%||15%|false|false&#8221; custom_padding_phone=&#8221;|5%||5%|false|true&#8221; custom_padding_last_edited=&#8221;off|tablet&#8221; text_font_size_tablet=&#8221;21px&#8221; text_font_size_phone=&#8221;19px&#8221; text_font_size_last_edited=&#8221;on|phone&#8221; global_colors_info=&#8221;{}&#8221;]<\/p>\n<p>Le P\u00e8re Joseph, 4 Place Richelieu, 92500 Rueil-Malmaison<\/p>\n<p>[\/et_pb_text][et_pb_text _builder_version=&#8221;4.27.4&#8243; _module_preset=&#8221;default&#8221; text_font=&#8221;Brandon Grotesque Regular||||||||&#8221; text_text_color=&#8221;#1a1a1a&#8221; text_font_size=&#8221;16px&#8221; hover_enabled=&#8221;0&#8243; global_colors_info=&#8221;{}&#8221; sticky_enabled=&#8221;0&#8243;]<\/p>\n<p>Information and Reservations: <a href=\"tel:+33141425004\" style=\"color: #005b71;\">+33 1 41 42 50 04<\/a><br \/>Open from <strong>Monday to Saturday<\/strong> from <strong>8:30 AM to midnight<\/strong><br \/>And on <strong>Sunday<\/strong> from <strong>8:30 AM to 7:00 PM<\/strong><br \/>\n<br \/>Access: RER A, station &#8220;Rueil Malmaison&#8221; (15-minute walk)<br \/>Bus 144, 467, and 565, stop &#8220;Place Richelieu&#8221;<\/p>\n<p>[\/et_pb_text][et_pb_code _builder_version=&#8221;4.17.3&#8243; _module_preset=&#8221;default&#8221; module_alignment=&#8221;center&#8221; global_colors_info=&#8221;{}&#8221;]<iframe src=\"https:\/\/www.google.com\/maps\/embed?pb=!1m18!1m12!1m3!1d2624.1865325617473!2d2.1795116153702767!3d48.87372050758179!2m3!1f0!2f0!3f0!3m2!1i1024!2i768!4f13.1!3m3!1m2!1s0x47e663c9121514d5%3A0x76f629eedf4d50a4!2sLe%20P%C3%A8re%20Joseph!5e0!3m2!1sfr!2sfr!4v1661332361143!5m2!1sfr!2sfr\" width=\"600\" height=\"450\" style=\"border:0;\" allowfullscreen=\"\" loading=\"lazy\" referrerpolicy=\"no-referrer-when-downgrade\"><\/iframe>[\/et_pb_code][\/et_pb_column][et_pb_column type=&#8221;1_2&#8243; _builder_version=&#8221;4.17.3&#8243; _module_preset=&#8221;default&#8221; global_colors_info=&#8221;{}&#8221;][et_pb_button button_text=&#8221;Information Request&#8221; _builder_version=&#8221;4.17.3&#8243; _module_preset=&#8221;default&#8221; custom_button=&#8221;on&#8221; button_text_color=&#8221;#FFFFFF&#8221; button_bg_color=&#8221;#005B71&#8243; button_font=&#8221;Brandon Grotesque Bold|||on|||||&#8221; button_use_icon=&#8221;off&#8221; global_colors_info=&#8221;{}&#8221;][\/et_pb_button][et_pb_contact_form use_spam_service=&#8221;on&#8221; recaptcha_list=&#8221;leperejosephfr|leperejosephfr-0&#8243; email=&#8221;sebastien@arkone.fr, evenements@leperejoseph.fr, vincent@groupefranco.fr, j.marty@leperejoseph.fr&#8221; custom_message=&#8221;Vous avez re\u00e7u une demande d&#039;information :||et_pb_line_break_holder||Nom : %%Name%%||et_pb_line_break_holder||Pr\u00e9nom : %%Surname%%||et_pb_line_break_holder||Email : %%Email%%||et_pb_line_break_holder||T\u00e9l\u00e9phone : %%Phone%%||et_pb_line_break_holder||Sujet : %%Object%%||et_pb_line_break_holder||Message : %%Message%%||et_pb_line_break_holder||&#8221; success_message=&#8221;Thank you for your message! We will get back to you as soon as possible.&#8221; submit_button_text=&#8221;Send&#8221; _builder_version=&#8221;4.17.3&#8243; _module_preset=&#8221;default&#8221; _unique_id=&#8221;b21e4e68-38aa-45a4-bded-0fd30a580e05&#8243; form_field_background_color=&#8221;#FFFFFF&#8221; form_field_text_color=&#8221;#1a1a1a&#8221; form_field_focus_text_color=&#8221;#005B71&#8243; form_field_font=&#8221;Brandon Grotesque Regular||||||||&#8221; form_field_font_size=&#8221;15px&#8221; custom_button=&#8221;on&#8221; button_text_color=&#8221;#005B71&#8243; button_border_radius=&#8221;0px&#8221; button_font=&#8221;Brandon Grotesque Regular|||on|||||&#8221; button_icon=&#8221;&#xe076;||divi||400&#8243; button_icon_placement=&#8221;left&#8221; button_on_hover=&#8221;off&#8221; text_orientation=&#8221;left&#8221; border_width_bottom=&#8221;1px&#8221; border_color_bottom=&#8221;#005B71&#8243; global_colors_info=&#8221;{}&#8221;][et_pb_contact_field field_id=&#8221;Name&#8221; field_title=&#8221;Last name&#8221; _builder_version=&#8221;4.16&#8243; global_colors_info=&#8221;{}&#8221; button_text_size__hover_enabled=&#8221;off&#8221; button_one_text_size__hover_enabled=&#8221;off&#8221; button_two_text_size__hover_enabled=&#8221;off&#8221; button_text_color__hover_enabled=&#8221;off&#8221; button_one_text_color__hover_enabled=&#8221;off&#8221; button_two_text_color__hover_enabled=&#8221;off&#8221; button_border_width__hover_enabled=&#8221;off&#8221; button_one_border_width__hover_enabled=&#8221;off&#8221; button_two_border_width__hover_enabled=&#8221;off&#8221; button_border_color__hover_enabled=&#8221;off&#8221; button_one_border_color__hover_enabled=&#8221;off&#8221; button_two_border_color__hover_enabled=&#8221;off&#8221; button_border_radius__hover_enabled=&#8221;off&#8221; button_one_border_radius__hover_enabled=&#8221;off&#8221; button_two_border_radius__hover_enabled=&#8221;off&#8221; button_letter_spacing__hover_enabled=&#8221;off&#8221; button_one_letter_spacing__hover_enabled=&#8221;off&#8221; button_two_letter_spacing__hover_enabled=&#8221;off&#8221; button_bg_color__hover_enabled=&#8221;off&#8221; button_one_bg_color__hover_enabled=&#8221;off&#8221; button_two_bg_color__hover_enabled=&#8221;off&#8221;][\/et_pb_contact_field][et_pb_contact_field field_id=&#8221;Surname&#8221; field_title=&#8221;First Name&#8221; _builder_version=&#8221;4.17.3&#8243; global_colors_info=&#8221;{}&#8221; button_text_size__hover_enabled=&#8221;off&#8221; button_one_text_size__hover_enabled=&#8221;off&#8221; button_two_text_size__hover_enabled=&#8221;off&#8221; button_text_color__hover_enabled=&#8221;off&#8221; button_one_text_color__hover_enabled=&#8221;off&#8221; button_two_text_color__hover_enabled=&#8221;off&#8221; button_border_width__hover_enabled=&#8221;off&#8221; button_one_border_width__hover_enabled=&#8221;off&#8221; button_two_border_width__hover_enabled=&#8221;off&#8221; button_border_color__hover_enabled=&#8221;off&#8221; button_one_border_color__hover_enabled=&#8221;off&#8221; button_two_border_color__hover_enabled=&#8221;off&#8221; button_border_radius__hover_enabled=&#8221;off&#8221; button_one_border_radius__hover_enabled=&#8221;off&#8221; button_two_border_radius__hover_enabled=&#8221;off&#8221; button_letter_spacing__hover_enabled=&#8221;off&#8221; button_one_letter_spacing__hover_enabled=&#8221;off&#8221; button_two_letter_spacing__hover_enabled=&#8221;off&#8221; button_bg_color__hover_enabled=&#8221;off&#8221; button_one_bg_color__hover_enabled=&#8221;off&#8221; button_two_bg_color__hover_enabled=&#8221;off&#8221;][\/et_pb_contact_field][et_pb_contact_field field_id=&#8221;Email&#8221; field_title=&#8221;Email&#8221; field_type=&#8221;email&#8221; _builder_version=&#8221;4.16&#8243; global_colors_info=&#8221;{}&#8221; button_text_size__hover_enabled=&#8221;off&#8221; button_one_text_size__hover_enabled=&#8221;off&#8221; button_two_text_size__hover_enabled=&#8221;off&#8221; button_text_color__hover_enabled=&#8221;off&#8221; button_one_text_color__hover_enabled=&#8221;off&#8221; button_two_text_color__hover_enabled=&#8221;off&#8221; button_border_width__hover_enabled=&#8221;off&#8221; button_one_border_width__hover_enabled=&#8221;off&#8221; button_two_border_width__hover_enabled=&#8221;off&#8221; button_border_color__hover_enabled=&#8221;off&#8221; button_one_border_color__hover_enabled=&#8221;off&#8221; button_two_border_color__hover_enabled=&#8221;off&#8221; button_border_radius__hover_enabled=&#8221;off&#8221; button_one_border_radius__hover_enabled=&#8221;off&#8221; button_two_border_radius__hover_enabled=&#8221;off&#8221; button_letter_spacing__hover_enabled=&#8221;off&#8221; button_one_letter_spacing__hover_enabled=&#8221;off&#8221; button_two_letter_spacing__hover_enabled=&#8221;off&#8221; button_bg_color__hover_enabled=&#8221;off&#8221; button_one_bg_color__hover_enabled=&#8221;off&#8221; button_two_bg_color__hover_enabled=&#8221;off&#8221;][\/et_pb_contact_field][et_pb_contact_field field_id=&#8221;Phone&#8221; field_title=&#8221;Phone&#8221; _builder_version=&#8221;4.17.3&#8243; global_colors_info=&#8221;{}&#8221; button_text_size__hover_enabled=&#8221;off&#8221; button_one_text_size__hover_enabled=&#8221;off&#8221; button_two_text_size__hover_enabled=&#8221;off&#8221; button_text_color__hover_enabled=&#8221;off&#8221; button_one_text_color__hover_enabled=&#8221;off&#8221; button_two_text_color__hover_enabled=&#8221;off&#8221; button_border_width__hover_enabled=&#8221;off&#8221; button_one_border_width__hover_enabled=&#8221;off&#8221; button_two_border_width__hover_enabled=&#8221;off&#8221; button_border_color__hover_enabled=&#8221;off&#8221; button_one_border_color__hover_enabled=&#8221;off&#8221; button_two_border_color__hover_enabled=&#8221;off&#8221; button_border_radius__hover_enabled=&#8221;off&#8221; button_one_border_radius__hover_enabled=&#8221;off&#8221; button_two_border_radius__hover_enabled=&#8221;off&#8221; button_letter_spacing__hover_enabled=&#8221;off&#8221; button_one_letter_spacing__hover_enabled=&#8221;off&#8221; button_two_letter_spacing__hover_enabled=&#8221;off&#8221; button_bg_color__hover_enabled=&#8221;off&#8221; button_one_bg_color__hover_enabled=&#8221;off&#8221; button_two_bg_color__hover_enabled=&#8221;off&#8221;][\/et_pb_contact_field][et_pb_contact_field field_id=&#8221;Object&#8221; field_title=&#8221;Subject&#8221; fullwidth_field=&#8221;on&#8221; _builder_version=&#8221;4.17.3&#8243; global_colors_info=&#8221;{}&#8221; button_text_size__hover_enabled=&#8221;off&#8221; button_one_text_size__hover_enabled=&#8221;off&#8221; button_two_text_size__hover_enabled=&#8221;off&#8221; button_text_color__hover_enabled=&#8221;off&#8221; button_one_text_color__hover_enabled=&#8221;off&#8221; button_two_text_color__hover_enabled=&#8221;off&#8221; button_border_width__hover_enabled=&#8221;off&#8221; button_one_border_width__hover_enabled=&#8221;off&#8221; button_two_border_width__hover_enabled=&#8221;off&#8221; button_border_color__hover_enabled=&#8221;off&#8221; button_one_border_color__hover_enabled=&#8221;off&#8221; button_two_border_color__hover_enabled=&#8221;off&#8221; button_border_radius__hover_enabled=&#8221;off&#8221; button_one_border_radius__hover_enabled=&#8221;off&#8221; button_two_border_radius__hover_enabled=&#8221;off&#8221; button_letter_spacing__hover_enabled=&#8221;off&#8221; button_one_letter_spacing__hover_enabled=&#8221;off&#8221; button_two_letter_spacing__hover_enabled=&#8221;off&#8221; button_bg_color__hover_enabled=&#8221;off&#8221; button_one_bg_color__hover_enabled=&#8221;off&#8221; button_two_bg_color__hover_enabled=&#8221;off&#8221;][\/et_pb_contact_field][et_pb_contact_field field_id=&#8221;Message&#8221; field_title=&#8221;Message&#8221; field_type=&#8221;text&#8221; fullwidth_field=&#8221;on&#8221; _builder_version=&#8221;4.16&#8243; global_colors_info=&#8221;{}&#8221; button_text_size__hover_enabled=&#8221;off&#8221; button_one_text_size__hover_enabled=&#8221;off&#8221; button_two_text_size__hover_enabled=&#8221;off&#8221; button_text_color__hover_enabled=&#8221;off&#8221; button_one_text_color__hover_enabled=&#8221;off&#8221; button_two_text_color__hover_enabled=&#8221;off&#8221; button_border_width__hover_enabled=&#8221;off&#8221; button_one_border_width__hover_enabled=&#8221;off&#8221; button_two_border_width__hover_enabled=&#8221;off&#8221; button_border_color__hover_enabled=&#8221;off&#8221; button_one_border_color__hover_enabled=&#8221;off&#8221; button_two_border_color__hover_enabled=&#8221;off&#8221; button_border_radius__hover_enabled=&#8221;off&#8221; button_one_border_radius__hover_enabled=&#8221;off&#8221; button_two_border_radius__hover_enabled=&#8221;off&#8221; button_letter_spacing__hover_enabled=&#8221;off&#8221; button_one_letter_spacing__hover_enabled=&#8221;off&#8221; button_two_letter_spacing__hover_enabled=&#8221;off&#8221; button_bg_color__hover_enabled=&#8221;off&#8221; button_one_bg_color__hover_enabled=&#8221;off&#8221; button_two_bg_color__hover_enabled=&#8221;off&#8221;][\/et_pb_contact_field][\/et_pb_contact_form][\/et_pb_column][\/et_pb_row][\/et_pb_section]<\/p>\n","protected":false},"excerpt":{"rendered":"<p>Contact usLe P\u00e8re Joseph, 4 Place Richelieu, 92500 Rueil-MalmaisonInformation and Reservations: +33 1 41 42 50 04Open from Monday to Saturday from 8:30 AM to midnightAnd on Sunday from 8:30 AM to 7:00 PM Access: RER A, station &#8220;Rueil Malmaison&#8221; (15-minute walk)Bus 144, 467, and 565, stop &#8220;Place Richelieu&#8221;<\/p>\n","protected":false},"author":1,"featured_media":0,"parent":0,"menu_order":0,"comment_status":"closed","ping_status":"closed","template":"","meta":{"_et_pb_use_builder":"on","_et_pb_old_content":"","_et_gb_content_width":"","_monsterinsights_skip_tracking":false,"_monsterinsights_sitenote_active":false,"_monsterinsights_sitenote_note":"","_monsterinsights_sitenote_category":0,"footnotes":""},"class_list":["post-282547","page","type-page","status-publish","hentry"],"yoast_head":"<!-- This site is optimized with the Yoast SEO plugin v27.3 - https:\/\/yoast.com\/product\/yoast-seo-wordpress\/ -->\n<title>P\u00e8re Joseph - Restaurant Rueil-Malmaison - Contact<\/title>\n<meta name=\"description\" content=\"Le P\u00e8re Joseph, 4 Place Richelieu, 92500 Rueil-Malmaison. Info and reservations: +33 1 41 42 50 04. Open Monday to Sunday, from 8:30 AM to 12:30 AM.\" \/>\n<meta name=\"robots\" content=\"index, follow, max-snippet:-1, max-image-preview:large, max-video-preview:-1\" \/>\n<link rel=\"canonical\" href=\"https:\/\/leperejoseph.fr\/en\/contact\/\" \/>\n<meta property=\"og:locale\" content=\"en_US\" \/>\n<meta property=\"og:type\" content=\"article\" \/>\n<meta property=\"og:title\" content=\"P\u00e8re Joseph - Restaurant Rueil-Malmaison - Contact\" \/>\n<meta property=\"og:description\" content=\"Le P\u00e8re Joseph, 4 Place Richelieu, 92500 Rueil-Malmaison. Info and reservations: +33 1 41 42 50 04. Open Monday to Sunday, from 8:30 AM to 12:30 AM.\" \/>\n<meta property=\"og:url\" content=\"https:\/\/leperejoseph.fr\/en\/contact\/\" \/>\n<meta property=\"og:site_name\" content=\"P\u00e8re Joseph - Restaurant Rueil-Malmaison\" \/>\n<meta property=\"article:modified_time\" content=\"2025-02-19T10:13:03+00:00\" \/>\n<meta name=\"twitter:card\" content=\"summary_large_image\" \/>\n<meta name=\"twitter:label1\" content=\"Est. reading time\" \/>\n\t<meta name=\"twitter:data1\" content=\"8 minutes\" \/>\n<script type=\"application\/ld+json\" class=\"yoast-schema-graph\">{\"@context\":\"https:\\\/\\\/schema.org\",\"@graph\":[{\"@type\":\"WebPage\",\"@id\":\"https:\\\/\\\/leperejoseph.fr\\\/en\\\/contact\\\/\",\"url\":\"https:\\\/\\\/leperejoseph.fr\\\/en\\\/contact\\\/\",\"name\":\"P\u00e8re Joseph - Restaurant Rueil-Malmaison - Contact\",\"isPartOf\":{\"@id\":\"https:\\\/\\\/leperejoseph.fr\\\/en\\\/#website\"},\"datePublished\":\"2022-08-24T09:25:45+00:00\",\"dateModified\":\"2025-02-19T10:13:03+00:00\",\"description\":\"Le P\u00e8re Joseph, 4 Place Richelieu, 92500 Rueil-Malmaison. Info and reservations: +33 1 41 42 50 04. Open Monday to Sunday, from 8:30 AM to 12:30 AM.\",\"breadcrumb\":{\"@id\":\"https:\\\/\\\/leperejoseph.fr\\\/en\\\/contact\\\/#breadcrumb\"},\"inLanguage\":\"en-US\",\"potentialAction\":[{\"@type\":\"ReadAction\",\"target\":[\"https:\\\/\\\/leperejoseph.fr\\\/en\\\/contact\\\/\"]}]},{\"@type\":\"BreadcrumbList\",\"@id\":\"https:\\\/\\\/leperejoseph.fr\\\/en\\\/contact\\\/#breadcrumb\",\"itemListElement\":[{\"@type\":\"ListItem\",\"position\":1,\"name\":\"Home\",\"item\":\"https:\\\/\\\/leperejoseph.fr\\\/en\\\/home\\\/\"},{\"@type\":\"ListItem\",\"position\":2,\"name\":\"Contact\"}]},{\"@type\":\"WebSite\",\"@id\":\"https:\\\/\\\/leperejoseph.fr\\\/en\\\/#website\",\"url\":\"https:\\\/\\\/leperejoseph.fr\\\/en\\\/\",\"name\":\"P\u00e8re Joseph - Restaurant Rueil-Malmaison\",\"description\":\"P\u00e8re Joseph is the first \\\"Restaurant \u2013 Living Space for All Times of the Day\\\" in Rueil-Malmaison.\",\"potentialAction\":[{\"@type\":\"SearchAction\",\"target\":{\"@type\":\"EntryPoint\",\"urlTemplate\":\"https:\\\/\\\/leperejoseph.fr\\\/en\\\/?s={search_term_string}\"},\"query-input\":{\"@type\":\"PropertyValueSpecification\",\"valueRequired\":true,\"valueName\":\"search_term_string\"}}],\"inLanguage\":\"en-US\"}]}<\/script>\n<!-- \/ Yoast SEO plugin. -->","yoast_head_json":{"title":"P\u00e8re Joseph - Restaurant Rueil-Malmaison - Contact","description":"Le P\u00e8re Joseph, 4 Place Richelieu, 92500 Rueil-Malmaison. Info and reservations: +33 1 41 42 50 04. Open Monday to Sunday, from 8:30 AM to 12:30 AM.","robots":{"index":"index","follow":"follow","max-snippet":"max-snippet:-1","max-image-preview":"max-image-preview:large","max-video-preview":"max-video-preview:-1"},"canonical":"https:\/\/leperejoseph.fr\/en\/contact\/","og_locale":"en_US","og_type":"article","og_title":"P\u00e8re Joseph - Restaurant Rueil-Malmaison - Contact","og_description":"Le P\u00e8re Joseph, 4 Place Richelieu, 92500 Rueil-Malmaison. Info and reservations: +33 1 41 42 50 04. Open Monday to Sunday, from 8:30 AM to 12:30 AM.","og_url":"https:\/\/leperejoseph.fr\/en\/contact\/","og_site_name":"P\u00e8re Joseph - Restaurant Rueil-Malmaison","article_modified_time":"2025-02-19T10:13:03+00:00","twitter_card":"summary_large_image","twitter_misc":{"Est. reading time":"8 minutes"},"schema":{"@context":"https:\/\/schema.org","@graph":[{"@type":"WebPage","@id":"https:\/\/leperejoseph.fr\/en\/contact\/","url":"https:\/\/leperejoseph.fr\/en\/contact\/","name":"P\u00e8re Joseph - Restaurant Rueil-Malmaison - Contact","isPartOf":{"@id":"https:\/\/leperejoseph.fr\/en\/#website"},"datePublished":"2022-08-24T09:25:45+00:00","dateModified":"2025-02-19T10:13:03+00:00","description":"Le P\u00e8re Joseph, 4 Place Richelieu, 92500 Rueil-Malmaison. Info and reservations: +33 1 41 42 50 04. Open Monday to Sunday, from 8:30 AM to 12:30 AM.","breadcrumb":{"@id":"https:\/\/leperejoseph.fr\/en\/contact\/#breadcrumb"},"inLanguage":"en-US","potentialAction":[{"@type":"ReadAction","target":["https:\/\/leperejoseph.fr\/en\/contact\/"]}]},{"@type":"BreadcrumbList","@id":"https:\/\/leperejoseph.fr\/en\/contact\/#breadcrumb","itemListElement":[{"@type":"ListItem","position":1,"name":"Home","item":"https:\/\/leperejoseph.fr\/en\/home\/"},{"@type":"ListItem","position":2,"name":"Contact"}]},{"@type":"WebSite","@id":"https:\/\/leperejoseph.fr\/en\/#website","url":"https:\/\/leperejoseph.fr\/en\/","name":"P\u00e8re Joseph - Restaurant Rueil-Malmaison","description":"P\u00e8re Joseph is the first \"Restaurant \u2013 Living Space for All Times of the Day\" in Rueil-Malmaison.","potentialAction":[{"@type":"SearchAction","target":{"@type":"EntryPoint","urlTemplate":"https:\/\/leperejoseph.fr\/en\/?s={search_term_string}"},"query-input":{"@type":"PropertyValueSpecification","valueRequired":true,"valueName":"search_term_string"}}],"inLanguage":"en-US"}]}},"_links":{"self":[{"href":"https:\/\/leperejoseph.fr\/en\/wp-json\/wp\/v2\/pages\/282547","targetHints":{"allow":["GET"]}}],"collection":[{"href":"https:\/\/leperejoseph.fr\/en\/wp-json\/wp\/v2\/pages"}],"about":[{"href":"https:\/\/leperejoseph.fr\/en\/wp-json\/wp\/v2\/types\/page"}],"author":[{"embeddable":true,"href":"https:\/\/leperejoseph.fr\/en\/wp-json\/wp\/v2\/users\/1"}],"replies":[{"embeddable":true,"href":"https:\/\/leperejoseph.fr\/en\/wp-json\/wp\/v2\/comments?post=282547"}],"version-history":[{"count":4,"href":"https:\/\/leperejoseph.fr\/en\/wp-json\/wp\/v2\/pages\/282547\/revisions"}],"predecessor-version":[{"id":282819,"href":"https:\/\/leperejoseph.fr\/en\/wp-json\/wp\/v2\/pages\/282547\/revisions\/282819"}],"wp:attachment":[{"href":"https:\/\/leperejoseph.fr\/en\/wp-json\/wp\/v2\/media?parent=282547"}],"curies":[{"name":"wp","href":"https:\/\/api.w.org\/{rel}","templated":true}]}}