{"id":282558,"date":"2022-08-26T17:45:49","date_gmt":"2022-08-26T15:45:49","guid":{"rendered":"https:\/\/leperejoseph.fr\/le-pere-joseph\/"},"modified":"2024-07-23T00:03:44","modified_gmt":"2024-07-22T22:03:44","slug":"le-pere-joseph","status":"publish","type":"page","link":"https:\/\/leperejoseph.fr\/en\/le-pere-joseph\/","title":{"rendered":"Le P\u00e8re Joseph"},"content":{"rendered":"<p>[et_pb_section fb_built=&#8221;1&#8243; _builder_version=&#8221;4.17.3&#8243; _module_preset=&#8221;default&#8221; global_colors_info=&#8221;{}&#8221;][et_pb_row column_structure=&#8221;2_5,3_5&#8243; make_equal=&#8221;on&#8221; _builder_version=&#8221;4.17.3&#8243; _module_preset=&#8221;default&#8221; max_width=&#8221;80%&#8221; global_colors_info=&#8221;{}&#8221;][et_pb_column type=&#8221;2_5&#8243; _builder_version=&#8221;4.17.3&#8243; _module_preset=&#8221;default&#8221; global_colors_info=&#8221;{}&#8221;][et_pb_image src=&#8221;https:\/\/leperejoseph.fr\/wp-content\/uploads\/2022\/08\/le-pere-joseph.png&#8221; title_text=&#8221;PJ&#8221; _builder_version=&#8221;4.17.3&#8243; _module_preset=&#8221;default&#8221; global_colors_info=&#8221;{}&#8221;][\/et_pb_image][\/et_pb_column][et_pb_column type=&#8221;3_5&#8243; _builder_version=&#8221;4.17.3&#8243; _module_preset=&#8221;default&#8221; custom_css_main_element=&#8221;margin-top:auto !important;||margin-bottom:auto !important;&#8221; global_colors_info=&#8221;{}&#8221;][et_pb_text _builder_version=&#8221;4.17.3&#8243; _module_preset=&#8221;default&#8221; text_font=&#8221;Brandon Grotesque Light|||on|||||&#8221; text_text_color=&#8221;#005B71&#8243; text_font_size=&#8221;42px&#8221; text_letter_spacing=&#8221;1px&#8221; text_line_height=&#8221;1em&#8221; header_font=&#8221;Brandon Grotesque Light||||||||&#8221; header_text_align=&#8221;left&#8221; header_text_color=&#8221;#005B71&#8243; header_font_size=&#8221;42px&#8221; header_letter_spacing=&#8221;1px&#8221; text_orientation=&#8221;center&#8221; width=&#8221;100%&#8221; max_width=&#8221;100%&#8221; custom_margin=&#8221;||||false|false&#8221; custom_padding_tablet=&#8221;|15%||15%|false|false&#8221; custom_padding_phone=&#8221;|5%||5%|false|false&#8221; custom_padding_last_edited=&#8221;off|desktop&#8221; text_font_size_tablet=&#8221;27px&#8221; text_font_size_phone=&#8221;25px&#8221; text_font_size_last_edited=&#8221;on|phone&#8221; global_colors_info=&#8221;{}&#8221;]<\/p>\n<h1>LE p\u00e8re joseph<\/h1>\n<p>[\/et_pb_text][et_pb_text _builder_version=&#8221;4.17.3&#8243; _module_preset=&#8221;default&#8221; text_font=&#8221;Brandon Grotesque Bold||||||||&#8221; text_text_color=&#8221;#005B71&#8243; text_font_size=&#8221;21px&#8221; text_line_height=&#8221;1.2em&#8221; header_font=&#8221;Brandon Grotesque Bold||||||||&#8221; header_text_color=&#8221;#005B71&#8243; header_font_size=&#8221;21px&#8221; header_line_height=&#8221;1.2em&#8221; width=&#8221;100%&#8221; max_width=&#8221;100%&#8221; custom_margin=&#8221;||||false|false&#8221; custom_padding=&#8221;|20%||15%|false|false&#8221; custom_padding_tablet=&#8221;|15%||15%|false|false&#8221; custom_padding_phone=&#8221;|5%||5%|false|true&#8221; custom_padding_last_edited=&#8221;on|phone&#8221; text_font_size_tablet=&#8221;21px&#8221; text_font_size_phone=&#8221;19px&#8221; text_font_size_last_edited=&#8221;on|phone&#8221; global_colors_info=&#8221;{}&#8221;]<\/p>\n<p>Capuchin, one of the great figures of the French School of Spirituality, P\u00e8re Joseph is best known for his role as a diplomatic advisor to Richelieu: for him was invented the title, now common in everyday language, of Grey Eminence.<\/p>\n<p>[\/et_pb_text][et_pb_text _builder_version=&#8221;4.17.3&#8243; _module_preset=&#8221;default&#8221; text_font=&#8221;Brandon Grotesque Regular||||||||&#8221; text_text_color=&#8221;#1a1a1a&#8221; text_font_size=&#8221;17px&#8221; global_colors_info=&#8221;{}&#8221;]<\/p>\n<p><strong>Fran\u00e7ois Leclerc du Tremblay<\/strong>, better known by his religious name P\u00e8re Joseph, was born in Paris in 1577 into a family of robe nobility. After studying in Italy and participating in the siege of Amiens, he met, through Madame Acarie\u2019s circle, Beno\u00eet de Canfield, and placed himself under his guidance.<\/p>\n<p>He joined the Capuchins in 1599, taking the name Joseph de Paris. With Antoinette d\u2019Orl\u00e9ans, coadjutrix abbess of the Abbey of Fontevrault, he developed plans for monastic reform: the abbess and some nuns left in 1611 to found a new institute, strongly inspired by P\u00e8re Joseph\u2019s ideas: the Benedictines of Calvary.<\/p>\n<p>From 1612 onwards, P\u00e8re Joseph\u2019s life was marked by significant involvement in political and diplomatic affairs, in the shadow of Richelieu\u2019s growing power. He became his \u201cgrey eminence,\u201d his friend, confidant, and trusted man. Through his network of Capuchin monks, he created, for the Cardinal, an extensive intelligence network.<br \/>P\u00e8re Joseph continued to support Richelieu until his death on December 17, 1638, in Rueil, either as a negotiator of certain treaties or as an advisor.<\/p>\n<p>[\/et_pb_text][\/et_pb_column][\/et_pb_row][et_pb_row _builder_version=&#8221;4.17.3&#8243; _module_preset=&#8221;default&#8221; global_colors_info=&#8221;{}&#8221;][et_pb_column type=&#8221;4_4&#8243; _builder_version=&#8221;4.17.3&#8243; _module_preset=&#8221;default&#8221; global_colors_info=&#8221;{}&#8221;][et_pb_image src=&#8221;https:\/\/leperejoseph.fr\/wp-content\/uploads\/2022\/08\/citation.png&#8221; title_text=&#8221;quote&#8221; align=&#8221;center&#8221; _builder_version=&#8221;4.17.3&#8243; _module_preset=&#8221;default&#8221; global_colors_info=&#8221;{}&#8221;][\/et_pb_image][\/et_pb_column][\/et_pb_row][\/et_pb_section][et_pb_section fb_built=&#8221;1&#8243; _builder_version=&#8221;4.17.3&#8243; _module_preset=&#8221;default&#8221; background_color=&#8221;#b2ced5&#8243; global_colors_info=&#8221;{}&#8221;][et_pb_row _builder_version=&#8221;4.17.3&#8243; _module_preset=&#8221;default&#8221; max_width=&#8221;80%&#8221; global_colors_info=&#8221;{}&#8221;][et_pb_column type=&#8221;4_4&#8243; _builder_version=&#8221;4.17.3&#8243; _module_preset=&#8221;default&#8221; global_colors_info=&#8221;{}&#8221;][et_pb_image src=&#8221;https:\/\/leperejoseph.fr\/wp-content\/uploads\/2022\/08\/Texte-2.png&#8221; title_text=&#8221;Text 2&#8243; align=&#8221;center&#8221; _builder_version=&#8221;4.17.3&#8243; _module_preset=&#8221;default&#8221; global_colors_info=&#8221;{}&#8221;][\/et_pb_image][\/et_pb_column][\/et_pb_row][\/et_pb_section]<\/p>\n","protected":false},"excerpt":{"rendered":"<p>LE p\u00e8re josephCapuchin, one of the great figures of the French School of Spirituality, P\u00e8re Joseph is best known for his role as a diplomatic advisor to Richelieu: for him was invented the title, now common in everyday language, of Grey Eminence.Fran\u00e7ois Leclerc du Tremblay, better known by his religious name P\u00e8re Joseph, was born [&hellip;]<\/p>\n","protected":false},"author":1,"featured_media":0,"parent":0,"menu_order":0,"comment_status":"closed","ping_status":"closed","template":"","meta":{"_et_pb_use_builder":"on","_et_pb_old_content":"","_et_gb_content_width":"","_monsterinsights_skip_tracking":false,"_monsterinsights_sitenote_active":false,"_monsterinsights_sitenote_note":"","_monsterinsights_sitenote_category":0,"footnotes":""},"class_list":["post-282558","page","type-page","status-publish","hentry"],"yoast_head":"<!-- This site is optimized with the Yoast SEO plugin v27.4 - https:\/\/yoast.com\/product\/yoast-seo-wordpress\/ -->\n<title>Le P\u00e8re Joseph - P\u00e8re Joseph - Restaurant Rueil-Malmaison<\/title>\n<meta name=\"description\" content=\"Le P\u00e8re Joseph, much more than a restaurant in Rueil-Malmaison. A place to experience, open 7 days a week. The story of P\u00e8re Joseph.\" \/>\n<meta name=\"robots\" content=\"index, follow, max-snippet:-1, max-image-preview:large, max-video-preview:-1\" \/>\n<link rel=\"canonical\" href=\"https:\/\/leperejoseph.fr\/en\/le-pere-joseph\/\" \/>\n<meta property=\"og:locale\" content=\"en_US\" \/>\n<meta property=\"og:type\" content=\"article\" \/>\n<meta property=\"og:title\" content=\"Le P\u00e8re Joseph - P\u00e8re Joseph - Restaurant Rueil-Malmaison\" \/>\n<meta property=\"og:description\" content=\"Le P\u00e8re Joseph, much more than a restaurant in Rueil-Malmaison. A place to experience, open 7 days a week. The story of P\u00e8re Joseph.\" \/>\n<meta property=\"og:url\" content=\"https:\/\/leperejoseph.fr\/en\/le-pere-joseph\/\" \/>\n<meta property=\"og:site_name\" content=\"P\u00e8re Joseph - Restaurant Rueil-Malmaison\" \/>\n<meta property=\"article:modified_time\" content=\"2024-07-22T22:03:44+00:00\" \/>\n<meta name=\"twitter:card\" content=\"summary_large_image\" \/>\n<meta name=\"twitter:label1\" content=\"Est. reading time\" \/>\n\t<meta name=\"twitter:data1\" content=\"3 minutes\" \/>\n<script type=\"application\/ld+json\" class=\"yoast-schema-graph\">{\"@context\":\"https:\\\/\\\/schema.org\",\"@graph\":[{\"@type\":\"WebPage\",\"@id\":\"https:\\\/\\\/leperejoseph.fr\\\/en\\\/le-pere-joseph\\\/\",\"url\":\"https:\\\/\\\/leperejoseph.fr\\\/en\\\/le-pere-joseph\\\/\",\"name\":\"Le P\u00e8re Joseph - P\u00e8re Joseph - Restaurant Rueil-Malmaison\",\"isPartOf\":{\"@id\":\"https:\\\/\\\/leperejoseph.fr\\\/en\\\/#website\"},\"datePublished\":\"2022-08-26T15:45:49+00:00\",\"dateModified\":\"2024-07-22T22:03:44+00:00\",\"description\":\"Le P\u00e8re Joseph, much more than a restaurant in Rueil-Malmaison. A place to experience, open 7 days a week. The story of P\u00e8re Joseph.\",\"breadcrumb\":{\"@id\":\"https:\\\/\\\/leperejoseph.fr\\\/en\\\/le-pere-joseph\\\/#breadcrumb\"},\"inLanguage\":\"en-US\",\"potentialAction\":[{\"@type\":\"ReadAction\",\"target\":[\"https:\\\/\\\/leperejoseph.fr\\\/en\\\/le-pere-joseph\\\/\"]}]},{\"@type\":\"BreadcrumbList\",\"@id\":\"https:\\\/\\\/leperejoseph.fr\\\/en\\\/le-pere-joseph\\\/#breadcrumb\",\"itemListElement\":[{\"@type\":\"ListItem\",\"position\":1,\"name\":\"Home\",\"item\":\"https:\\\/\\\/leperejoseph.fr\\\/en\\\/home\\\/\"},{\"@type\":\"ListItem\",\"position\":2,\"name\":\"Le P\u00e8re Joseph\"}]},{\"@type\":\"WebSite\",\"@id\":\"https:\\\/\\\/leperejoseph.fr\\\/en\\\/#website\",\"url\":\"https:\\\/\\\/leperejoseph.fr\\\/en\\\/\",\"name\":\"P\u00e8re Joseph - Restaurant Rueil-Malmaison\",\"description\":\"P\u00e8re Joseph is the first \\\"Restaurant \u2013 Living Space for All Times of the Day\\\" in Rueil-Malmaison.\",\"potentialAction\":[{\"@type\":\"SearchAction\",\"target\":{\"@type\":\"EntryPoint\",\"urlTemplate\":\"https:\\\/\\\/leperejoseph.fr\\\/en\\\/?s={search_term_string}\"},\"query-input\":{\"@type\":\"PropertyValueSpecification\",\"valueRequired\":true,\"valueName\":\"search_term_string\"}}],\"inLanguage\":\"en-US\"}]}<\/script>\n<!-- \/ Yoast SEO plugin. -->","yoast_head_json":{"title":"Le P\u00e8re Joseph - P\u00e8re Joseph - Restaurant Rueil-Malmaison","description":"Le P\u00e8re Joseph, much more than a restaurant in Rueil-Malmaison. A place to experience, open 7 days a week. The story of P\u00e8re Joseph.","robots":{"index":"index","follow":"follow","max-snippet":"max-snippet:-1","max-image-preview":"max-image-preview:large","max-video-preview":"max-video-preview:-1"},"canonical":"https:\/\/leperejoseph.fr\/en\/le-pere-joseph\/","og_locale":"en_US","og_type":"article","og_title":"Le P\u00e8re Joseph - P\u00e8re Joseph - Restaurant Rueil-Malmaison","og_description":"Le P\u00e8re Joseph, much more than a restaurant in Rueil-Malmaison. A place to experience, open 7 days a week. The story of P\u00e8re Joseph.","og_url":"https:\/\/leperejoseph.fr\/en\/le-pere-joseph\/","og_site_name":"P\u00e8re Joseph - Restaurant Rueil-Malmaison","article_modified_time":"2024-07-22T22:03:44+00:00","twitter_card":"summary_large_image","twitter_misc":{"Est. reading time":"3 minutes"},"schema":{"@context":"https:\/\/schema.org","@graph":[{"@type":"WebPage","@id":"https:\/\/leperejoseph.fr\/en\/le-pere-joseph\/","url":"https:\/\/leperejoseph.fr\/en\/le-pere-joseph\/","name":"Le P\u00e8re Joseph - P\u00e8re Joseph - Restaurant Rueil-Malmaison","isPartOf":{"@id":"https:\/\/leperejoseph.fr\/en\/#website"},"datePublished":"2022-08-26T15:45:49+00:00","dateModified":"2024-07-22T22:03:44+00:00","description":"Le P\u00e8re Joseph, much more than a restaurant in Rueil-Malmaison. A place to experience, open 7 days a week. The story of P\u00e8re Joseph.","breadcrumb":{"@id":"https:\/\/leperejoseph.fr\/en\/le-pere-joseph\/#breadcrumb"},"inLanguage":"en-US","potentialAction":[{"@type":"ReadAction","target":["https:\/\/leperejoseph.fr\/en\/le-pere-joseph\/"]}]},{"@type":"BreadcrumbList","@id":"https:\/\/leperejoseph.fr\/en\/le-pere-joseph\/#breadcrumb","itemListElement":[{"@type":"ListItem","position":1,"name":"Home","item":"https:\/\/leperejoseph.fr\/en\/home\/"},{"@type":"ListItem","position":2,"name":"Le P\u00e8re Joseph"}]},{"@type":"WebSite","@id":"https:\/\/leperejoseph.fr\/en\/#website","url":"https:\/\/leperejoseph.fr\/en\/","name":"P\u00e8re Joseph - Restaurant Rueil-Malmaison","description":"P\u00e8re Joseph is the first \"Restaurant \u2013 Living Space for All Times of the Day\" in Rueil-Malmaison.","potentialAction":[{"@type":"SearchAction","target":{"@type":"EntryPoint","urlTemplate":"https:\/\/leperejoseph.fr\/en\/?s={search_term_string}"},"query-input":{"@type":"PropertyValueSpecification","valueRequired":true,"valueName":"search_term_string"}}],"inLanguage":"en-US"}]}},"_links":{"self":[{"href":"https:\/\/leperejoseph.fr\/en\/wp-json\/wp\/v2\/pages\/282558","targetHints":{"allow":["GET"]}}],"collection":[{"href":"https:\/\/leperejoseph.fr\/en\/wp-json\/wp\/v2\/pages"}],"about":[{"href":"https:\/\/leperejoseph.fr\/en\/wp-json\/wp\/v2\/types\/page"}],"author":[{"embeddable":true,"href":"https:\/\/leperejoseph.fr\/en\/wp-json\/wp\/v2\/users\/1"}],"replies":[{"embeddable":true,"href":"https:\/\/leperejoseph.fr\/en\/wp-json\/wp\/v2\/comments?post=282558"}],"version-history":[{"count":1,"href":"https:\/\/leperejoseph.fr\/en\/wp-json\/wp\/v2\/pages\/282558\/revisions"}],"predecessor-version":[{"id":282559,"href":"https:\/\/leperejoseph.fr\/en\/wp-json\/wp\/v2\/pages\/282558\/revisions\/282559"}],"wp:attachment":[{"href":"https:\/\/leperejoseph.fr\/en\/wp-json\/wp\/v2\/media?parent=282558"}],"curies":[{"name":"wp","href":"https:\/\/api.w.org\/{rel}","templated":true}]}}